{"id":647,"date":"2026-03-23T15:55:12","date_gmt":"2026-03-23T15:55:12","guid":{"rendered":"https:\/\/seizosolutions.com\/?post_type=product&#038;p=647"},"modified":"2026-03-23T15:55:13","modified_gmt":"2026-03-23T15:55:13","slug":"valvula-check-columpio-a-c-walworth-5341faa-de-4-clase150","status":"publish","type":"product","link":"https:\/\/seizosolutions.com\/index.php\/product\/valvula-check-columpio-a-c-walworth-5341faa-de-4-clase150\/","title":{"rendered":"V\u00e1lvula Check Columpio A\/c Walworth 5341faa De 4 Clase150"},"content":{"rendered":"<p>Dise\u00f1o de acuerdo con API-6D y ASME B16.34.<br \/>\nDisco tipo columpio.<br \/>\nDimensiones de brida seg\u00fan ASME B16.5.<br \/>\nDimensiones de extremo a extremo seg\u00fan ASME B16.10.<br \/>\nDimensiones de cara a cara para extremos WE seg\u00fan ASME B16 .25<br \/>\nDimensiones de brida para v\u00e1lvulas mayores a 24\u201d se suministran de acuerdo a ASME B16.47 Series A como est\u00e1ndar.<\/p>\n","protected":false},"excerpt":{"rendered":"<p>Dise\u00f1o de acuerdo con API-6D y ASME B16.34. Disco tipo columpio. Dimensiones de brida seg\u00fan ASME B16.5. Dimensiones de extremo a extremo seg\u00fan ASME B16.10. Dimensiones de cara a cara para extremos WE seg\u00fan ASME B16 .25 Dimensiones de brida para v\u00e1lvulas mayores a 24\u201d se suministran de acuerdo a ASME B16.47 Series A como [&hellip;]<\/p>\n","protected":false},"featured_media":645,"comment_status":"open","ping_status":"closed","template":"","meta":{"content-type":"","om_disable_all_campaigns":false,"_monsterinsights_skip_tracking":false,"_monsterinsights_sitenote_active":false,"_monsterinsights_sitenote_note":"","_monsterinsights_sitenote_category":0,"_uf_show_specific_survey":0,"_uf_disable_surveys":false,"jetpack_publicize_message":"","jetpack_publicize_feature_enabled":true,"jetpack_social_post_already_shared":true,"jetpack_social_options":{"image_generator_settings":{"template":"highway","default_image_id":0,"font":"","enabled":false},"version":2}},"product_brand":[34],"product_cat":[15],"product_tag":[],"class_list":{"0":"post-647","1":"product","2":"type-product","3":"status-publish","4":"has-post-thumbnail","6":"product_brand-walworth","7":"product_cat-uncategorized","9":"first","10":"instock","11":"shipping-taxable","12":"product-type-simple"},"jetpack_publicize_connections":[],"jetpack_sharing_enabled":true,"_links":{"self":[{"href":"https:\/\/seizosolutions.com\/index.php\/wp-json\/wp\/v2\/product\/647","targetHints":{"allow":["GET"]}}],"collection":[{"href":"https:\/\/seizosolutions.com\/index.php\/wp-json\/wp\/v2\/product"}],"about":[{"href":"https:\/\/seizosolutions.com\/index.php\/wp-json\/wp\/v2\/types\/product"}],"replies":[{"embeddable":true,"href":"https:\/\/seizosolutions.com\/index.php\/wp-json\/wp\/v2\/comments?post=647"}],"wp:featuredmedia":[{"embeddable":true,"href":"https:\/\/seizosolutions.com\/index.php\/wp-json\/wp\/v2\/media\/645"}],"wp:attachment":[{"href":"https:\/\/seizosolutions.com\/index.php\/wp-json\/wp\/v2\/media?parent=647"}],"wp:term":[{"taxonomy":"product_brand","embeddable":true,"href":"https:\/\/seizosolutions.com\/index.php\/wp-json\/wp\/v2\/product_brand?post=647"},{"taxonomy":"product_cat","embeddable":true,"href":"https:\/\/seizosolutions.com\/index.php\/wp-json\/wp\/v2\/product_cat?post=647"},{"taxonomy":"product_tag","embeddable":true,"href":"https:\/\/seizosolutions.com\/index.php\/wp-json\/wp\/v2\/product_tag?post=647"}],"curies":[{"name":"wp","href":"https:\/\/api.w.org\/{rel}","templated":true}]}}