{"id":676,"date":"2026-03-23T17:25:41","date_gmt":"2026-03-23T17:25:41","guid":{"rendered":"https:\/\/seizosolutions.com\/?post_type=product&#038;p=676"},"modified":"2026-03-23T17:25:42","modified_gmt":"2026-03-23T17:25:42","slug":"rociadores-y-chapetones-victaulic","status":"publish","type":"product","link":"https:\/\/seizosolutions.com\/index.php\/product\/rociadores-y-chapetones-victaulic\/","title":{"rendered":"Rociadores y Chapetones VICTAULIC"},"content":{"rendered":"<h3 data-section-id=\"13fubm6\" data-start=\"373\" data-end=\"407\">1. Rociador colgante (Pendent)<\/h3>\n<ul data-start=\"408\" data-end=\"768\">\n<li data-section-id=\"u18foi\" data-start=\"408\" data-end=\"468\"><strong data-start=\"410\" data-end=\"423\">Producto:<\/strong> Serie FireLock\u2122 FL-QR \/ modelos como V2708<\/li>\n<li data-section-id=\"1hbo0qh\" data-start=\"469\" data-end=\"589\"><strong data-start=\"471\" data-end=\"491\">Caracter\u00edsticas:<\/strong>\n<ul data-start=\"494\" data-end=\"589\">\n<li data-section-id=\"pverdd\" data-start=\"494\" data-end=\"528\">Instalaci\u00f3n hacia abajo (techos)<\/li>\n<li data-section-id=\"1dlipnq\" data-start=\"531\" data-end=\"557\">Factor K com\u00fan: 5.6, 8.0<\/li>\n<li data-section-id=\"8gt0og\" data-start=\"560\" data-end=\"589\">Respuesta r\u00e1pida o est\u00e1ndar<\/li>\n<\/ul>\n<\/li>\n<li data-section-id=\"14b3u7k\" data-start=\"590\" data-end=\"675\"><strong data-start=\"592\" data-end=\"605\">Ventajas:<\/strong>\n<ul data-start=\"608\" data-end=\"675\">\n<li data-section-id=\"1qq293b\" data-start=\"608\" data-end=\"640\">Distribuci\u00f3n uniforme del agua<\/li>\n<li data-section-id=\"ewgaad\" data-start=\"643\" data-end=\"675\">Ideal para oficinas, comercios<\/li>\n<\/ul>\n<\/li>\n<li data-section-id=\"1f3ppw6\" data-start=\"676\" data-end=\"768\"><strong data-start=\"678\" data-end=\"693\">Beneficios:<\/strong>\n<ul data-start=\"696\" data-end=\"768\">\n<li data-section-id=\"2m9wq\" data-start=\"696\" data-end=\"730\">Mayor control temprano del fuego<\/li>\n<li data-section-id=\"zcrn5n\" data-start=\"733\" data-end=\"768\">Instalaci\u00f3n sencilla y vers\u00e1til<\/li>\n<\/ul>\n<\/li>\n<\/ul>\n<hr data-start=\"770\" data-end=\"773\" \/>\n<h3 data-section-id=\"1nbc7cz\" data-start=\"775\" data-end=\"809\">2. Rociador vertical (Upright)<\/h3>\n<ul data-start=\"810\" data-end=\"1102\">\n<li data-section-id=\"d94a6k\" data-start=\"810\" data-end=\"865\"><strong data-start=\"812\" data-end=\"825\">Producto:<\/strong> FireLock\u2122 Upright (ej. V3402 \/ V3403)<\/li>\n<li data-section-id=\"73xy54\" data-start=\"866\" data-end=\"953\"><strong data-start=\"868\" data-end=\"888\">Caracter\u00edsticas:<\/strong>\n<ul data-start=\"891\" data-end=\"953\">\n<li data-section-id=\"128m10s\" data-start=\"891\" data-end=\"926\">Instalaci\u00f3n sobre tuber\u00eda visible<\/li>\n<li data-section-id=\"gqwyh1\" data-start=\"929\" data-end=\"953\">Deflector hacia arriba<\/li>\n<\/ul>\n<\/li>\n<li data-section-id=\"1invj8z\" data-start=\"954\" data-end=\"1041\"><strong data-start=\"956\" data-end=\"969\">Ventajas:<\/strong>\n<ul data-start=\"972\" data-end=\"1041\">\n<li data-section-id=\"sesb75\" data-start=\"972\" data-end=\"1003\">Ideal para naves industriales<\/li>\n<li data-section-id=\"20m4yo\" data-start=\"1006\" data-end=\"1041\">Menor obstrucci\u00f3n por estructuras<\/li>\n<\/ul>\n<\/li>\n<li data-section-id=\"1xcgo0c\" data-start=\"1042\" data-end=\"1102\"><strong data-start=\"1044\" data-end=\"1059\">Beneficios:<\/strong>\n<ul data-start=\"1062\" data-end=\"1102\">\n<li data-section-id=\"1rvrmg4\" data-start=\"1062\" data-end=\"1102\">Mayor cobertura en espacios abiertos<\/li>\n<\/ul>\n<\/li>\n<\/ul>\n<hr data-start=\"1104\" data-end=\"1107\" \/>\n<h3 data-section-id=\"14t4oyj\" data-start=\"1109\" data-end=\"1143\">3. Rociador lateral (Sidewall)<\/h3>\n<ul data-start=\"1144\" data-end=\"1384\">\n<li data-section-id=\"1aner1u\" data-start=\"1144\" data-end=\"1192\"><strong data-start=\"1146\" data-end=\"1159\">Producto:<\/strong> FireLock\u2122 Sidewall (ej. V2738)<\/li>\n<li data-section-id=\"4zmwmg\" data-start=\"1193\" data-end=\"1272\"><strong data-start=\"1195\" data-end=\"1215\">Caracter\u00edsticas:<\/strong>\n<ul data-start=\"1218\" data-end=\"1272\">\n<li data-section-id=\"1i08v13\" data-start=\"1218\" data-end=\"1236\">Montaje en pared<\/li>\n<li data-section-id=\"bcji5q\" data-start=\"1239\" data-end=\"1272\">Descarga en patr\u00f3n semicircular<\/li>\n<\/ul>\n<\/li>\n<li data-section-id=\"15i7j57\" data-start=\"1273\" data-end=\"1319\"><strong data-start=\"1275\" data-end=\"1288\">Ventajas:<\/strong>\n<ul data-start=\"1291\" data-end=\"1319\">\n<li data-section-id=\"halsw6\" data-start=\"1291\" data-end=\"1319\">Ahorro en tuber\u00eda de techo<\/li>\n<\/ul>\n<\/li>\n<li data-section-id=\"dxq6pq\" data-start=\"1320\" data-end=\"1384\"><strong data-start=\"1322\" data-end=\"1337\">Beneficios:<\/strong>\n<ul data-start=\"1340\" data-end=\"1384\">\n<li data-section-id=\"sryz4m\" data-start=\"1340\" data-end=\"1384\">Ideal para pasillos, hoteles, hospitales<\/li>\n<\/ul>\n<\/li>\n<\/ul>\n<hr data-start=\"1386\" data-end=\"1389\" \/>\n<h3 data-section-id=\"17dadxw\" data-start=\"1391\" data-end=\"1425\">4. Rociador oculto (Concealed)<\/h3>\n<ul data-start=\"1426\" data-end=\"1662\">\n<li data-section-id=\"1he42dr\" data-start=\"1426\" data-end=\"1461\"><strong data-start=\"1428\" data-end=\"1441\">Producto:<\/strong> FireLock\u2122 FL-QR\/C<\/li>\n<li data-section-id=\"12j55d\" data-start=\"1462\" data-end=\"1555\"><strong data-start=\"1464\" data-end=\"1484\">Caracter\u00edsticas:<\/strong>\n<ul data-start=\"1487\" data-end=\"1555\">\n<li data-section-id=\"a5c54u\" data-start=\"1487\" data-end=\"1525\">Cubierta est\u00e9tica (plato decorativo)<\/li>\n<li data-section-id=\"1ikwvcu\" data-start=\"1528\" data-end=\"1555\">Activaci\u00f3n t\u00e9rmica oculta<\/li>\n<\/ul>\n<\/li>\n<li data-section-id=\"1q7z12o\" data-start=\"1556\" data-end=\"1605\"><strong data-start=\"1558\" data-end=\"1571\">Ventajas:<\/strong>\n<ul data-start=\"1574\" data-end=\"1605\">\n<li data-section-id=\"1snng59\" data-start=\"1574\" data-end=\"1605\">Acabado limpio arquitect\u00f3nico<\/li>\n<\/ul>\n<\/li>\n<li data-section-id=\"vu8ffn\" data-start=\"1606\" data-end=\"1662\"><strong data-start=\"1608\" data-end=\"1623\">Beneficios:<\/strong>\n<ul data-start=\"1626\" data-end=\"1662\">\n<li data-section-id=\"p21aj\" data-start=\"1626\" data-end=\"1662\">Perfecto para interiores premium<\/li>\n<\/ul>\n<\/li>\n<\/ul>\n<hr data-start=\"1664\" data-end=\"1667\" \/>\n<h3 data-section-id=\"8sn8p0\" data-start=\"1669\" data-end=\"1709\">5. Rociadores de cobertura extendida<\/h3>\n<ul data-start=\"1710\" data-end=\"1983\">\n<li data-section-id=\"15dxbno\" data-start=\"1710\" data-end=\"1744\"><strong data-start=\"1712\" data-end=\"1725\">Producto:<\/strong> Ej. modelo V3413<\/li>\n<li data-section-id=\"10f2wuf\" data-start=\"1745\" data-end=\"1876\"><strong data-start=\"1747\" data-end=\"1767\">Caracter\u00edsticas:<\/strong>\n<ul data-start=\"1770\" data-end=\"1876\">\n<li data-section-id=\"1450izn\" data-start=\"1770\" data-end=\"1806\">Mayor \u00e1rea de cobertura por unidad<\/li>\n<li data-section-id=\"nbru5x\" data-start=\"1809\" data-end=\"1876\">Factor K alto (ej. K14.0)<\/li>\n<\/ul>\n<\/li>\n<li data-section-id=\"422gp9\" data-start=\"1877\" data-end=\"1926\"><strong data-start=\"1879\" data-end=\"1892\">Ventajas:<\/strong>\n<ul data-start=\"1895\" data-end=\"1926\">\n<li data-section-id=\"kacfsw\" data-start=\"1895\" data-end=\"1926\">Reduce cantidad de rociadores<\/li>\n<\/ul>\n<\/li>\n<li data-section-id=\"tl8a7b\" data-start=\"1927\" data-end=\"1983\"><strong data-start=\"1929\" data-end=\"1944\">Beneficios:<\/strong>\n<ul data-start=\"1947\" data-end=\"1983\">\n<li data-section-id=\"frosy7\" data-start=\"1947\" data-end=\"1983\">Menor costo de instalaci\u00f3n total<\/li>\n<\/ul>\n<\/li>\n<\/ul>\n<hr data-start=\"1985\" data-end=\"1988\" \/>\n<h3 data-section-id=\"bkmlxh\" data-start=\"1990\" data-end=\"2042\">6. Rociadores especiales (ESFR \/ almacenamiento)<\/h3>\n<ul data-start=\"2043\" data-end=\"2320\">\n<li data-section-id=\"wt0i3f\" data-start=\"2043\" data-end=\"2087\"><strong data-start=\"2045\" data-end=\"2058\">Producto:<\/strong> FireLock\u2122 ESFR (ej. V4804)<\/li>\n<li data-section-id=\"19rtqwd\" data-start=\"2088\" data-end=\"2189\"><strong data-start=\"2090\" data-end=\"2110\">Caracter\u00edsticas:<\/strong>\n<ul data-start=\"2113\" data-end=\"2189\">\n<li data-section-id=\"f5eqsp\" data-start=\"2113\" data-end=\"2143\">Alta descarga para almacenes<\/li>\n<li data-section-id=\"1vacoyd\" data-start=\"2146\" data-end=\"2189\">Dise\u00f1ados para incendios de alto riesgo<\/li>\n<\/ul>\n<\/li>\n<li data-section-id=\"39kzxv\" data-start=\"2190\" data-end=\"2254\"><strong data-start=\"2192\" data-end=\"2205\">Ventajas:<\/strong>\n<ul data-start=\"2208\" data-end=\"2254\">\n<li data-section-id=\"qflpwe\" data-start=\"2208\" data-end=\"2254\">Eliminan necesidad de rociadores intermedios<\/li>\n<\/ul>\n<\/li>\n<li data-section-id=\"1136bpr\" data-start=\"2255\" data-end=\"2320\"><strong data-start=\"2257\" data-end=\"2272\">Beneficios:<\/strong>\n<ul data-start=\"2275\" data-end=\"2320\">\n<li data-section-id=\"nklld3\" data-start=\"2275\" data-end=\"2320\">Protecci\u00f3n superior en racks industriales<\/li>\n<\/ul>\n<\/li>\n<\/ul>\n<hr data-start=\"2322\" data-end=\"2325\" \/>\n<p data-start=\"2327\" data-end=\"2560\">\ud83d\udccc En general, los rociadores Victaulic est\u00e1n dise\u00f1ados con m\u00faltiples configuraciones de temperatura, patr\u00f3n de descarga y certificaciones UL\/FM para cumplir normas internacionales de seguridad<\/p>\n<h3 data-section-id=\"1keapf\" data-start=\"2641\" data-end=\"2684\">1. Chapet\u00f3n est\u00e1ndar (Escutcheon plano)<\/h3>\n<ul data-start=\"2685\" data-end=\"2903\">\n<li data-section-id=\"1gjqp8c\" data-start=\"2685\" data-end=\"2723\"><strong data-start=\"2687\" data-end=\"2700\">Producto:<\/strong> FireLock\u2122 Escutcheon<\/li>\n<li data-section-id=\"1hk0i5z\" data-start=\"2724\" data-end=\"2793\"><strong data-start=\"2726\" data-end=\"2746\">Caracter\u00edsticas:<\/strong>\n<ul data-start=\"2749\" data-end=\"2793\">\n<li data-section-id=\"vjz8vp\" data-start=\"2749\" data-end=\"2775\">Placa met\u00e1lica o cromada<\/li>\n<li data-section-id=\"13g8t03\" data-start=\"2778\" data-end=\"2793\">Cubierta fija<\/li>\n<\/ul>\n<\/li>\n<li data-section-id=\"15fex3l\" data-start=\"2794\" data-end=\"2848\"><strong data-start=\"2796\" data-end=\"2809\">Ventajas:<\/strong>\n<ul data-start=\"2812\" data-end=\"2848\">\n<li data-section-id=\"1r8hx30\" data-start=\"2812\" data-end=\"2848\">Oculta perforaciones en techo\/muro<\/li>\n<\/ul>\n<\/li>\n<li data-section-id=\"1ayjtcg\" data-start=\"2849\" data-end=\"2903\"><strong data-start=\"2851\" data-end=\"2866\">Beneficios:<\/strong>\n<ul data-start=\"2869\" data-end=\"2903\">\n<li data-section-id=\"10m6bp4\" data-start=\"2869\" data-end=\"2903\">Mejora est\u00e9tica de instalaci\u00f3n<\/li>\n<\/ul>\n<\/li>\n<\/ul>\n<hr data-start=\"2905\" data-end=\"2908\" \/>\n<h3 data-section-id=\"fnf2jj\" data-start=\"2910\" data-end=\"2935\">2. Chapet\u00f3n ajustable<\/h3>\n<ul data-start=\"2936\" data-end=\"3121\">\n<li data-section-id=\"1hisnxi\" data-start=\"2936\" data-end=\"3020\"><strong data-start=\"2938\" data-end=\"2958\">Caracter\u00edsticas:<\/strong>\n<ul data-start=\"2961\" data-end=\"3020\">\n<li data-section-id=\"ngpls3\" data-start=\"2961\" data-end=\"2984\">Ajuste en profundidad<\/li>\n<li data-section-id=\"1cd4a44\" data-start=\"2987\" data-end=\"3020\">Compensa errores de instalaci\u00f3n<\/li>\n<\/ul>\n<\/li>\n<li data-section-id=\"1vpujzd\" data-start=\"3021\" data-end=\"3067\"><strong data-start=\"3023\" data-end=\"3036\">Ventajas:<\/strong>\n<ul data-start=\"3039\" data-end=\"3067\">\n<li data-section-id=\"y97z0k\" data-start=\"3039\" data-end=\"3067\">Mayor flexibilidad en obra<\/li>\n<\/ul>\n<\/li>\n<li data-section-id=\"8wwkis\" data-start=\"3068\" data-end=\"3121\"><strong data-start=\"3070\" data-end=\"3085\">Beneficios:<\/strong>\n<ul data-start=\"3088\" data-end=\"3121\">\n<li data-section-id=\"13l311o\" data-start=\"3088\" data-end=\"3121\">Acabado limpio sin retrabajos<\/li>\n<\/ul>\n<\/li>\n<\/ul>\n<hr data-start=\"3123\" data-end=\"3126\" \/>\n<h3 data-section-id=\"i6ta9\" data-start=\"3128\" data-end=\"3168\">3. Chapet\u00f3n oculto (con cover plate)<\/h3>\n<ul data-start=\"3169\" data-end=\"3365\">\n<li data-section-id=\"19yujdh\" data-start=\"3169\" data-end=\"3253\"><strong data-start=\"3171\" data-end=\"3191\">Caracter\u00edsticas:<\/strong>\n<ul data-start=\"3194\" data-end=\"3253\">\n<li data-section-id=\"1p90t6g\" data-start=\"3194\" data-end=\"3223\">Tapa decorativa desmontable<\/li>\n<li data-section-id=\"19rksak\" data-start=\"3226\" data-end=\"3253\">Se activa con temperatura<\/li>\n<\/ul>\n<\/li>\n<li data-section-id=\"17c1rhx\" data-start=\"3254\" data-end=\"3304\"><strong data-start=\"3256\" data-end=\"3269\">Ventajas:<\/strong>\n<ul data-start=\"3272\" data-end=\"3304\">\n<li data-section-id=\"1iyxheg\" data-start=\"3272\" data-end=\"3304\">Dise\u00f1o arquitect\u00f3nico elegante<\/li>\n<\/ul>\n<\/li>\n<li data-section-id=\"ls16bu\" data-start=\"3305\" data-end=\"3365\"><strong data-start=\"3307\" data-end=\"3322\">Beneficios:<\/strong>\n<ul data-start=\"3325\" data-end=\"3365\">\n<li data-section-id=\"5mszhe\" data-start=\"3325\" data-end=\"3365\">Ideal para hoteles, oficinas premium<\/li>\n<\/ul>\n<\/li>\n<\/ul>\n<hr data-start=\"3367\" data-end=\"3370\" \/>\n<h3 data-section-id=\"jigeqp\" data-start=\"3372\" data-end=\"3422\">4. Chapet\u00f3n para sistemas flexibles (VicFlex\u2122)<\/h3>\n<ul data-start=\"3423\" data-end=\"3618\">\n<li data-section-id=\"ulf39i\" data-start=\"3423\" data-end=\"3516\"><strong data-start=\"3425\" data-end=\"3445\">Caracter\u00edsticas:<\/strong>\n<ul data-start=\"3448\" data-end=\"3516\">\n<li data-section-id=\"1px3243\" data-start=\"3448\" data-end=\"3481\">Integrado a mangueras flexibles<\/li>\n<li data-section-id=\"1h1ak4k\" data-start=\"3484\" data-end=\"3516\">Compatible con plafones falsos<\/li>\n<\/ul>\n<\/li>\n<li data-section-id=\"r3kb1x\" data-start=\"3517\" data-end=\"3565\"><strong data-start=\"3519\" data-end=\"3532\">Ventajas:<\/strong>\n<ul data-start=\"3535\" data-end=\"3565\">\n<li data-section-id=\"1vkc2xk\" data-start=\"3535\" data-end=\"3565\">Reduce tiempo de instalaci\u00f3n<\/li>\n<\/ul>\n<\/li>\n<li data-section-id=\"fx83z3\" data-start=\"3566\" data-end=\"3618\"><strong data-start=\"3568\" data-end=\"3583\">Beneficios:<\/strong>\n<ul data-start=\"3586\" data-end=\"3618\">\n<li data-section-id=\"1nfddj\" data-start=\"3586\" data-end=\"3618\">Menos mano de obra y errores<\/li>\n<\/ul>\n<\/li>\n<\/ul>\n<hr data-start=\"3620\" data-end=\"3623\" \/>\n<h2 data-section-id=\"1qf7fup\" data-start=\"3625\" data-end=\"3664\">\ud83e\udde0 RESUMEN R\u00c1PIDO (LO M\u00c1S COMERCIAL)<\/h2>\n<ul data-start=\"3665\" data-end=\"3876\">\n<li data-section-id=\"xeqwjg\" data-start=\"3665\" data-end=\"3728\"><strong data-start=\"3667\" data-end=\"3684\">M\u00e1s vendidos:<\/strong> Pendent K5.6 (V2708), Sidewall, Concealed<\/li>\n<li data-section-id=\"1j0gopq\" data-start=\"3729\" data-end=\"3762\"><strong data-start=\"3731\" data-end=\"3746\">Industrial:<\/strong> Upright, ESFR<\/li>\n<li data-section-id=\"1gfwq99\" data-start=\"3763\" data-end=\"3819\"><strong data-start=\"3765\" data-end=\"3785\">Acabado premium:<\/strong> Concealed + chapet\u00f3n decorativo<\/li>\n<li data-section-id=\"1oas8d5\" data-start=\"3820\" data-end=\"3876\"><strong data-start=\"3822\" data-end=\"3845\">Instalaci\u00f3n r\u00e1pida:<\/strong> VicFlex + chapet\u00f3n integrado<\/li>\n<\/ul>\n","protected":false},"excerpt":{"rendered":"<p>1. Rociador colgante (Pendent) Producto: Serie FireLock\u2122 FL-QR \/ modelos como V2708 Caracter\u00edsticas: Instalaci\u00f3n hacia abajo (techos) Factor K com\u00fan: 5.6, 8.0 Respuesta r\u00e1pida o est\u00e1ndar Ventajas: Distribuci\u00f3n uniforme del agua Ideal para oficinas, comercios Beneficios: Mayor control temprano del fuego Instalaci\u00f3n sencilla y vers\u00e1til 2. Rociador vertical (Upright) Producto: FireLock\u2122 Upright (ej. V3402 \/ [&hellip;]<\/p>\n","protected":false},"featured_media":677,"comment_status":"open","ping_status":"closed","template":"","meta":{"content-type":"","om_disable_all_campaigns":false,"_monsterinsights_skip_tracking":false,"_monsterinsights_sitenote_active":false,"_monsterinsights_sitenote_note":"","_monsterinsights_sitenote_category":0,"_uf_show_specific_survey":0,"_uf_disable_surveys":false,"jetpack_publicize_message":"","jetpack_publicize_feature_enabled":true,"jetpack_social_post_already_shared":true,"jetpack_social_options":{"image_generator_settings":{"template":"highway","default_image_id":0,"font":"","enabled":false},"version":2}},"product_brand":[],"product_cat":[15],"product_tag":[],"class_list":{"0":"post-676","1":"product","2":"type-product","3":"status-publish","4":"has-post-thumbnail","6":"product_cat-uncategorized","8":"first","9":"instock","10":"shipping-taxable","11":"product-type-simple"},"jetpack_publicize_connections":[],"jetpack_sharing_enabled":true,"_links":{"self":[{"href":"https:\/\/seizosolutions.com\/index.php\/wp-json\/wp\/v2\/product\/676","targetHints":{"allow":["GET"]}}],"collection":[{"href":"https:\/\/seizosolutions.com\/index.php\/wp-json\/wp\/v2\/product"}],"about":[{"href":"https:\/\/seizosolutions.com\/index.php\/wp-json\/wp\/v2\/types\/product"}],"replies":[{"embeddable":true,"href":"https:\/\/seizosolutions.com\/index.php\/wp-json\/wp\/v2\/comments?post=676"}],"wp:featuredmedia":[{"embeddable":true,"href":"https:\/\/seizosolutions.com\/index.php\/wp-json\/wp\/v2\/media\/677"}],"wp:attachment":[{"href":"https:\/\/seizosolutions.com\/index.php\/wp-json\/wp\/v2\/media?parent=676"}],"wp:term":[{"taxonomy":"product_brand","embeddable":true,"href":"https:\/\/seizosolutions.com\/index.php\/wp-json\/wp\/v2\/product_brand?post=676"},{"taxonomy":"product_cat","embeddable":true,"href":"https:\/\/seizosolutions.com\/index.php\/wp-json\/wp\/v2\/product_cat?post=676"},{"taxonomy":"product_tag","embeddable":true,"href":"https:\/\/seizosolutions.com\/index.php\/wp-json\/wp\/v2\/product_tag?post=676"}],"curies":[{"name":"wp","href":"https:\/\/api.w.org\/{rel}","templated":true}]}}