{"id":678,"date":"2026-03-23T17:31:44","date_gmt":"2026-03-23T17:31:44","guid":{"rendered":"https:\/\/seizosolutions.com\/?post_type=product&#038;p=678"},"modified":"2026-03-23T17:31:45","modified_gmt":"2026-03-23T17:31:45","slug":"conexiones-blazemaster","status":"publish","type":"product","link":"https:\/\/seizosolutions.com\/index.php\/product\/conexiones-blazemaster\/","title":{"rendered":"Conexiones BlazeMaster"},"content":{"rendered":"<h3 data-section-id=\"cfxp6q\" data-start=\"130\" data-end=\"150\">1. Cople (Uni\u00f3n)<\/h3>\n<p data-start=\"151\" data-end=\"212\"><strong data-start=\"151\" data-end=\"164\">Producto:<\/strong> Cople CPVC BlazeMaster<br data-start=\"187\" data-end=\"190\" \/><strong data-start=\"190\" data-end=\"210\">Caracter\u00edsticas:<\/strong><\/p>\n<ul data-start=\"213\" data-end=\"327\">\n<li data-section-id=\"1n35282\" data-start=\"213\" data-end=\"248\">Conexi\u00f3n tipo socket (cementar)<\/li>\n<li data-section-id=\"edtvrx\" data-start=\"249\" data-end=\"289\">Fabricado en CPVC resistente a fuego<\/li>\n<li data-section-id=\"3g6v18\" data-start=\"290\" data-end=\"327\">Disponible en m\u00faltiples di\u00e1metros<\/li>\n<\/ul>\n<p data-start=\"329\" data-end=\"344\"><strong data-start=\"329\" data-end=\"342\">Ventajas:<\/strong><\/p>\n<ul data-start=\"345\" data-end=\"418\">\n<li data-section-id=\"hrhtas\" data-start=\"345\" data-end=\"390\">Instalaci\u00f3n r\u00e1pida sin rosca ni soldadura<\/li>\n<li data-section-id=\"ebov9k\" data-start=\"391\" data-end=\"418\">Uni\u00f3n uniforme y segura<\/li>\n<\/ul>\n<p data-start=\"420\" data-end=\"437\"><strong data-start=\"420\" data-end=\"435\">Beneficios:<\/strong><\/p>\n<ul data-start=\"438\" data-end=\"537\">\n<li data-section-id=\"co7r7v\" data-start=\"438\" data-end=\"471\">Reduce tiempos de instalaci\u00f3n<\/li>\n<li data-section-id=\"1o6dves\" data-start=\"472\" data-end=\"503\">Menor costo de mano de obra<\/li>\n<li data-section-id=\"1pav5h2\" data-start=\"504\" data-end=\"537\">Mayor confiabilidad en la red<\/li>\n<\/ul>\n<hr data-start=\"539\" data-end=\"542\" \/>\n<h3 data-section-id=\"1j1f1vw\" data-start=\"544\" data-end=\"565\">2. Codo 45\u00b0 y 90\u00b0<\/h3>\n<p data-start=\"566\" data-end=\"638\"><strong data-start=\"566\" data-end=\"579\">Producto:<\/strong> Codo CPVC BlazeMaster (45\u00b0 \/ 90\u00b0)<br data-start=\"613\" data-end=\"616\" \/><strong data-start=\"616\" data-end=\"636\">Caracter\u00edsticas:<\/strong><\/p>\n<ul data-start=\"639\" data-end=\"737\">\n<li data-section-id=\"1joqlsh\" data-start=\"639\" data-end=\"671\">Dise\u00f1o hidr\u00e1ulico optimizado<\/li>\n<li data-section-id=\"fazqqj\" data-start=\"672\" data-end=\"702\">Alta resistencia a presi\u00f3n<\/li>\n<li data-section-id=\"jixfam\" data-start=\"703\" data-end=\"737\">Diferentes \u00e1ngulos disponibles<\/li>\n<\/ul>\n<p data-start=\"739\" data-end=\"754\"><strong data-start=\"739\" data-end=\"752\">Ventajas:<\/strong><\/p>\n<ul data-start=\"755\" data-end=\"803\">\n<li data-section-id=\"2ng1bb\" data-start=\"755\" data-end=\"781\">Menor p\u00e9rdida de carga<\/li>\n<li data-section-id=\"1ojndyq\" data-start=\"782\" data-end=\"803\">F\u00e1cil instalaci\u00f3n<\/li>\n<\/ul>\n<p data-start=\"805\" data-end=\"822\"><strong data-start=\"805\" data-end=\"820\">Beneficios:<\/strong><\/p>\n<ul data-start=\"823\" data-end=\"898\">\n<li data-section-id=\"jlcyp4\" data-start=\"823\" data-end=\"860\">Mejor flujo de agua en el sistema<\/li>\n<li data-section-id=\"1k7evob\" data-start=\"861\" data-end=\"898\">Mayor eficiencia contra incendios<\/li>\n<\/ul>\n<hr data-start=\"900\" data-end=\"903\" \/>\n<h3 data-section-id=\"1dj2u1k\" data-start=\"905\" data-end=\"937\">3. Tee (T) igual y reductora<\/h3>\n<p data-start=\"938\" data-end=\"997\"><strong data-start=\"938\" data-end=\"951\">Producto:<\/strong> Tee CPVC BlazeMaster<br data-start=\"972\" data-end=\"975\" \/><strong data-start=\"975\" data-end=\"995\">Caracter\u00edsticas:<\/strong><\/p>\n<ul data-start=\"998\" data-end=\"1093\">\n<li data-section-id=\"14uuhxf\" data-start=\"998\" data-end=\"1022\">Derivaci\u00f3n en 3 v\u00edas<\/li>\n<li data-section-id=\"1kgrter\" data-start=\"1023\" data-end=\"1057\">Versiones iguales y reductoras<\/li>\n<li data-section-id=\"19smfup\" data-start=\"1058\" data-end=\"1093\">Fabricaci\u00f3n en CPVC certificado<\/li>\n<\/ul>\n<p data-start=\"1095\" data-end=\"1110\"><strong data-start=\"1095\" data-end=\"1108\">Ventajas:<\/strong><\/p>\n<ul data-start=\"1111\" data-end=\"1173\">\n<li data-section-id=\"nlaf99\" data-start=\"1111\" data-end=\"1148\">Flexibilidad en dise\u00f1o hidr\u00e1ulico<\/li>\n<li data-section-id=\"18aawo0\" data-start=\"1149\" data-end=\"1173\">Instalaci\u00f3n sencilla<\/li>\n<\/ul>\n<p data-start=\"1175\" data-end=\"1192\"><strong data-start=\"1175\" data-end=\"1190\">Beneficios:<\/strong><\/p>\n<ul data-start=\"1193\" data-end=\"1266\">\n<li data-section-id=\"molovj\" data-start=\"1193\" data-end=\"1231\">Permite expandir la red f\u00e1cilmente<\/li>\n<li data-section-id=\"fza2vv\" data-start=\"1232\" data-end=\"1266\">Optimiza distribuci\u00f3n del agua<\/li>\n<\/ul>\n<hr data-start=\"1268\" data-end=\"1271\" \/>\n<h3 data-section-id=\"17tin6l\" data-start=\"1273\" data-end=\"1292\">4. Cruz (Cross)<\/h3>\n<p data-start=\"1293\" data-end=\"1353\"><strong data-start=\"1293\" data-end=\"1306\">Producto:<\/strong> Cruz CPVC BlazeMaster<br data-start=\"1328\" data-end=\"1331\" \/><strong data-start=\"1331\" data-end=\"1351\">Caracter\u00edsticas:<\/strong><\/p>\n<ul data-start=\"1354\" data-end=\"1429\">\n<li data-section-id=\"6bf673\" data-start=\"1354\" data-end=\"1376\">Conexi\u00f3n de 4 v\u00edas<\/li>\n<li data-section-id=\"inasf9\" data-start=\"1377\" data-end=\"1396\">Dise\u00f1o compacto<\/li>\n<li data-section-id=\"19lvw3m\" data-start=\"1397\" data-end=\"1429\">Alta resistencia estructural<\/li>\n<\/ul>\n<p data-start=\"1431\" data-end=\"1446\"><strong data-start=\"1431\" data-end=\"1444\">Ventajas:<\/strong><\/p>\n<ul data-start=\"1447\" data-end=\"1517\">\n<li data-section-id=\"m9ic5u\" data-start=\"1447\" data-end=\"1491\">Reduce necesidad de m\u00faltiples conexiones<\/li>\n<li data-section-id=\"12x8hnt\" data-start=\"1492\" data-end=\"1517\">Instalaci\u00f3n eficiente<\/li>\n<\/ul>\n<p data-start=\"1519\" data-end=\"1536\"><strong data-start=\"1519\" data-end=\"1534\">Beneficios:<\/strong><\/p>\n<ul data-start=\"1537\" data-end=\"1589\">\n<li data-section-id=\"hpzz07\" data-start=\"1537\" data-end=\"1561\">Ahorro en materiales<\/li>\n<li data-section-id=\"14sdwmm\" data-start=\"1562\" data-end=\"1589\">Menor tiempo de montaje<\/li>\n<\/ul>\n<hr data-start=\"1591\" data-end=\"1594\" \/>\n<h3 data-section-id=\"1thzz59\" data-start=\"1596\" data-end=\"1618\">5. Adaptador macho<\/h3>\n<p data-start=\"1619\" data-end=\"1685\"><strong data-start=\"1619\" data-end=\"1632\">Producto:<\/strong> Adaptador macho BlazeMaster<br data-start=\"1660\" data-end=\"1663\" \/><strong data-start=\"1663\" data-end=\"1683\">Caracter\u00edsticas:<\/strong><\/p>\n<ul data-start=\"1686\" data-end=\"1779\">\n<li data-section-id=\"pzuprr\" data-start=\"1686\" data-end=\"1711\">Rosca met\u00e1lica o CPVC<\/li>\n<li data-section-id=\"e9176o\" data-start=\"1712\" data-end=\"1751\">Inserto de lat\u00f3n en algunos modelos<\/li>\n<li data-section-id=\"1joeql6\" data-start=\"1752\" data-end=\"1779\">Transici\u00f3n CPVC a metal<\/li>\n<\/ul>\n<p data-start=\"1781\" data-end=\"1796\"><strong data-start=\"1781\" data-end=\"1794\">Ventajas:<\/strong><\/p>\n<ul data-start=\"1797\" data-end=\"1860\">\n<li data-section-id=\"1mclq7v\" data-start=\"1797\" data-end=\"1839\">Conexi\u00f3n segura con v\u00e1lvulas o equipos<\/li>\n<li data-section-id=\"xk85r1\" data-start=\"1840\" data-end=\"1860\">Alta durabilidad<\/li>\n<\/ul>\n<p data-start=\"1862\" data-end=\"1879\"><strong data-start=\"1862\" data-end=\"1877\">Beneficios:<\/strong><\/p>\n<ul data-start=\"1880\" data-end=\"1947\">\n<li data-section-id=\"1ouqpoi\" data-start=\"1880\" data-end=\"1920\">Versatilidad en instalaciones mixtas<\/li>\n<li data-section-id=\"y3wyh6\" data-start=\"1921\" data-end=\"1947\">Reduce riesgo de fugas<\/li>\n<\/ul>\n<hr data-start=\"1949\" data-end=\"1952\" \/>\n<h3 data-section-id=\"137nnhz\" data-start=\"1954\" data-end=\"1977\">6. Adaptador hembra<\/h3>\n<p data-start=\"1978\" data-end=\"2045\"><strong data-start=\"1978\" data-end=\"1991\">Producto:<\/strong> Adaptador hembra BlazeMaster<br data-start=\"2020\" data-end=\"2023\" \/><strong data-start=\"2023\" data-end=\"2043\">Caracter\u00edsticas:<\/strong><\/p>\n<ul data-start=\"2046\" data-end=\"2128\">\n<li data-section-id=\"1onx0nj\" data-start=\"2046\" data-end=\"2063\">Rosca interna<\/li>\n<li data-section-id=\"kcho0c\" data-start=\"2064\" data-end=\"2101\">Compatible con sistemas met\u00e1licos<\/li>\n<li data-section-id=\"1nv5g5v\" data-start=\"2102\" data-end=\"2128\">Fabricaci\u00f3n resistente<\/li>\n<\/ul>\n<p data-start=\"2130\" data-end=\"2145\"><strong data-start=\"2130\" data-end=\"2143\">Ventajas:<\/strong><\/p>\n<ul data-start=\"2146\" data-end=\"2208\">\n<li data-section-id=\"1k92gb4\" data-start=\"2146\" data-end=\"2186\">F\u00e1cil conexi\u00f3n a accesorios externos<\/li>\n<li data-section-id=\"cwpg9f\" data-start=\"2187\" data-end=\"2208\">Sellado confiable<\/li>\n<\/ul>\n<p data-start=\"2210\" data-end=\"2227\"><strong data-start=\"2210\" data-end=\"2225\">Beneficios:<\/strong><\/p>\n<ul data-start=\"2228\" data-end=\"2291\">\n<li data-section-id=\"xrxyzc\" data-start=\"2228\" data-end=\"2267\">Mayor compatibilidad de instalaci\u00f3n<\/li>\n<li data-section-id=\"1lgakpf\" data-start=\"2268\" data-end=\"2291\">Menor mantenimiento<\/li>\n<\/ul>\n<hr data-start=\"2293\" data-end=\"2296\" \/>\n<h3 data-section-id=\"s5awuy\" data-start=\"2298\" data-end=\"2348\">7. Adaptador para rociador (Sprinkler Adapter)<\/h3>\n<p data-start=\"2349\" data-end=\"2423\"><strong data-start=\"2349\" data-end=\"2362\">Producto:<\/strong> Adaptador para rociador BlazeMaster<br data-start=\"2398\" data-end=\"2401\" \/><strong data-start=\"2401\" data-end=\"2421\">Caracter\u00edsticas:<\/strong><\/p>\n<ul data-start=\"2424\" data-end=\"2528\">\n<li data-section-id=\"p66t48\" data-start=\"2424\" data-end=\"2468\">Dise\u00f1ado espec\u00edficamente para sprinklers<\/li>\n<li data-section-id=\"rqi43w\" data-start=\"2469\" data-end=\"2497\">Rosca met\u00e1lica reforzada<\/li>\n<li data-section-id=\"1kepxyf\" data-start=\"2498\" data-end=\"2528\">Alta precisi\u00f3n dimensional<\/li>\n<\/ul>\n<p data-start=\"2530\" data-end=\"2545\"><strong data-start=\"2530\" data-end=\"2543\">Ventajas:<\/strong><\/p>\n<ul data-start=\"2546\" data-end=\"2612\">\n<li data-section-id=\"1w6o4m5\" data-start=\"2546\" data-end=\"2582\">Instalaci\u00f3n directa del rociador<\/li>\n<li data-section-id=\"eowoz5\" data-start=\"2583\" data-end=\"2612\">Reduce errores de montaje<\/li>\n<\/ul>\n<p data-start=\"2614\" data-end=\"2631\"><strong data-start=\"2614\" data-end=\"2629\">Beneficios:<\/strong><\/p>\n<ul data-start=\"2632\" data-end=\"2715\">\n<li data-section-id=\"npgbvz\" data-start=\"2632\" data-end=\"2679\">Mayor seguridad del sistema contra incendio<\/li>\n<li data-section-id=\"56hikq\" data-start=\"2680\" data-end=\"2715\">Instalaci\u00f3n m\u00e1s r\u00e1pida y limpia<\/li>\n<\/ul>\n<hr data-start=\"2717\" data-end=\"2720\" \/>\n<h3 data-section-id=\"1j7sp3m\" data-start=\"2722\" data-end=\"2758\">8. Reducci\u00f3n (Reducer \/ Bushing)<\/h3>\n<p data-start=\"2759\" data-end=\"2824\"><strong data-start=\"2759\" data-end=\"2772\">Producto:<\/strong> Reducci\u00f3n CPVC BlazeMaster<br data-start=\"2799\" data-end=\"2802\" \/><strong data-start=\"2802\" data-end=\"2822\">Caracter\u00edsticas:<\/strong><\/p>\n<ul data-start=\"2825\" data-end=\"2913\">\n<li data-section-id=\"tbsmdr\" data-start=\"2825\" data-end=\"2847\">Cambio de di\u00e1metro<\/li>\n<li data-section-id=\"1k4q9p0\" data-start=\"2848\" data-end=\"2884\">Versiones tipo campana o bushing<\/li>\n<li data-section-id=\"3hcrxx\" data-start=\"2885\" data-end=\"2913\">Alta resistencia qu\u00edmica<\/li>\n<\/ul>\n<p data-start=\"2915\" data-end=\"2930\"><strong data-start=\"2915\" data-end=\"2928\">Ventajas:<\/strong><\/p>\n<ul data-start=\"2931\" data-end=\"2994\">\n<li data-section-id=\"1kl6xvq\" data-start=\"2931\" data-end=\"2965\">Permite adaptaci\u00f3n de tuber\u00edas<\/li>\n<li data-section-id=\"jgjhnd\" data-start=\"2966\" data-end=\"2994\">Mejora dise\u00f1o hidr\u00e1ulico<\/li>\n<\/ul>\n<p data-start=\"2996\" data-end=\"3013\"><strong data-start=\"2996\" data-end=\"3011\">Beneficios:<\/strong><\/p>\n<ul data-start=\"3014\" data-end=\"3063\">\n<li data-section-id=\"c3h8z9\" data-start=\"3014\" data-end=\"3040\">Optimizaci\u00f3n del flujo<\/li>\n<li data-section-id=\"xxm3wh\" data-start=\"3041\" data-end=\"3063\">Ahorro en material<\/li>\n<\/ul>\n<hr data-start=\"3065\" data-end=\"3068\" \/>\n<h3 data-section-id=\"1786byy\" data-start=\"3070\" data-end=\"3088\">9. Tap\u00f3n (Cap)<\/h3>\n<p data-start=\"3089\" data-end=\"3150\"><strong data-start=\"3089\" data-end=\"3102\">Producto:<\/strong> Tap\u00f3n CPVC BlazeMaster<br data-start=\"3125\" data-end=\"3128\" \/><strong data-start=\"3128\" data-end=\"3148\">Caracter\u00edsticas:<\/strong><\/p>\n<ul data-start=\"3151\" data-end=\"3245\">\n<li data-section-id=\"jfsvyt\" data-start=\"3151\" data-end=\"3184\">Cierre de extremos de tuber\u00eda<\/li>\n<li data-section-id=\"14k1hq8\" data-start=\"3185\" data-end=\"3214\">Instalaci\u00f3n por cementado<\/li>\n<li data-section-id=\"fazqqj\" data-start=\"3215\" data-end=\"3245\">Alta resistencia a presi\u00f3n<\/li>\n<\/ul>\n<p data-start=\"3247\" data-end=\"3262\"><strong data-start=\"3247\" data-end=\"3260\">Ventajas:<\/strong><\/p>\n<ul data-start=\"3263\" data-end=\"3305\">\n<li data-section-id=\"ehvb0e\" data-start=\"3263\" data-end=\"3284\">Sellado herm\u00e9tico<\/li>\n<li data-section-id=\"1sht92r\" data-start=\"3285\" data-end=\"3305\">F\u00e1cil colocaci\u00f3n<\/li>\n<\/ul>\n<p data-start=\"3307\" data-end=\"3324\"><strong data-start=\"3307\" data-end=\"3322\">Beneficios:<\/strong><\/p>\n<ul data-start=\"3325\" data-end=\"3400\">\n<li data-section-id=\"t3f8o8\" data-start=\"3325\" data-end=\"3361\">Seguridad en pruebas hidr\u00e1ulicas<\/li>\n<li data-section-id=\"1dxpwuw\" data-start=\"3362\" data-end=\"3400\">Protecci\u00f3n de l\u00edneas no utilizadas<\/li>\n<\/ul>\n<hr data-start=\"3402\" data-end=\"3405\" \/>\n<h3 data-section-id=\"1akzd4k\" data-start=\"3407\" data-end=\"3440\">10. Uni\u00f3n desmontable (Union)<\/h3>\n<p data-start=\"3441\" data-end=\"3502\"><strong data-start=\"3441\" data-end=\"3454\">Producto:<\/strong> Uni\u00f3n BlazeMaster CPVC<br data-start=\"3477\" data-end=\"3480\" \/><strong data-start=\"3480\" data-end=\"3500\">Caracter\u00edsticas:<\/strong><\/p>\n<ul data-start=\"3503\" data-end=\"3602\">\n<li data-section-id=\"1ho6u97\" data-start=\"3503\" data-end=\"3544\">Permite desmontaje sin cortar tuber\u00eda<\/li>\n<li data-section-id=\"2jjcqf\" data-start=\"3545\" data-end=\"3578\">Conexi\u00f3n mec\u00e1nica + cementada<\/li>\n<li data-section-id=\"1meqq13\" data-start=\"3579\" data-end=\"3602\">Dise\u00f1o reutilizable<\/li>\n<\/ul>\n<p data-start=\"3604\" data-end=\"3619\"><strong data-start=\"3604\" data-end=\"3617\">Ventajas:<\/strong><\/p>\n<ul data-start=\"3620\" data-end=\"3680\">\n<li data-section-id=\"inv179\" data-start=\"3620\" data-end=\"3646\">Facilita mantenimiento<\/li>\n<li data-section-id=\"1dau58m\" data-start=\"3647\" data-end=\"3680\">Ahorra tiempo en reparaciones<\/li>\n<\/ul>\n<p data-start=\"3682\" data-end=\"3699\"><strong data-start=\"3682\" data-end=\"3697\">Beneficios:<\/strong><\/p>\n<ul data-start=\"3700\" data-end=\"3769\">\n<li data-section-id=\"53tw36\" data-start=\"3700\" data-end=\"3737\">Reducci\u00f3n de costos a largo plazo<\/li>\n<li data-section-id=\"1dfq0dx\" data-start=\"3738\" data-end=\"3769\">Mayor practicidad operativa<\/li>\n<\/ul>\n","protected":false},"excerpt":{"rendered":"<p>1. Cople (Uni\u00f3n) Producto: Cople CPVC BlazeMasterCaracter\u00edsticas: Conexi\u00f3n tipo socket (cementar) Fabricado en CPVC resistente a fuego Disponible en m\u00faltiples di\u00e1metros Ventajas: Instalaci\u00f3n r\u00e1pida sin rosca ni soldadura Uni\u00f3n uniforme y segura Beneficios: Reduce tiempos de instalaci\u00f3n Menor costo de mano de obra Mayor confiabilidad en la red 2. Codo 45\u00b0 y 90\u00b0 Producto: Codo [&hellip;]<\/p>\n","protected":false},"featured_media":679,"comment_status":"open","ping_status":"closed","template":"","meta":{"content-type":"","om_disable_all_campaigns":false,"_monsterinsights_skip_tracking":false,"_monsterinsights_sitenote_active":false,"_monsterinsights_sitenote_note":"","_monsterinsights_sitenote_category":0,"_uf_show_specific_survey":0,"_uf_disable_surveys":false,"jetpack_publicize_message":"","jetpack_publicize_feature_enabled":true,"jetpack_social_post_already_shared":true,"jetpack_social_options":{"image_generator_settings":{"template":"highway","default_image_id":0,"font":"","enabled":false},"version":2}},"product_brand":[],"product_cat":[15],"product_tag":[],"class_list":{"0":"post-678","1":"product","2":"type-product","3":"status-publish","4":"has-post-thumbnail","6":"product_cat-uncategorized","8":"first","9":"instock","10":"shipping-taxable","11":"product-type-simple"},"jetpack_publicize_connections":[],"jetpack_sharing_enabled":true,"_links":{"self":[{"href":"https:\/\/seizosolutions.com\/index.php\/wp-json\/wp\/v2\/product\/678","targetHints":{"allow":["GET"]}}],"collection":[{"href":"https:\/\/seizosolutions.com\/index.php\/wp-json\/wp\/v2\/product"}],"about":[{"href":"https:\/\/seizosolutions.com\/index.php\/wp-json\/wp\/v2\/types\/product"}],"replies":[{"embeddable":true,"href":"https:\/\/seizosolutions.com\/index.php\/wp-json\/wp\/v2\/comments?post=678"}],"wp:featuredmedia":[{"embeddable":true,"href":"https:\/\/seizosolutions.com\/index.php\/wp-json\/wp\/v2\/media\/679"}],"wp:attachment":[{"href":"https:\/\/seizosolutions.com\/index.php\/wp-json\/wp\/v2\/media?parent=678"}],"wp:term":[{"taxonomy":"product_brand","embeddable":true,"href":"https:\/\/seizosolutions.com\/index.php\/wp-json\/wp\/v2\/product_brand?post=678"},{"taxonomy":"product_cat","embeddable":true,"href":"https:\/\/seizosolutions.com\/index.php\/wp-json\/wp\/v2\/product_cat?post=678"},{"taxonomy":"product_tag","embeddable":true,"href":"https:\/\/seizosolutions.com\/index.php\/wp-json\/wp\/v2\/product_tag?post=678"}],"curies":[{"name":"wp","href":"https:\/\/api.w.org\/{rel}","templated":true}]}}